{"id":2356,"date":"2022-05-28T17:47:50","date_gmt":"2022-05-28T17:47:50","guid":{"rendered":"https:\/\/fbiza.co.za\/Mare-pt\/?page_id=2356"},"modified":"2022-07-17T15:54:55","modified_gmt":"2022-07-17T15:54:55","slug":"about-salema","status":"publish","type":"page","link":"https:\/\/the-mare.com\/Mare-pt\/about-salema\/","title":{"rendered":"About Salema"},"content":{"rendered":"\t\t<div data-elementor-type=\"wp-page\" data-elementor-id=\"2356\" class=\"elementor elementor-2356\">\n\t\t\t\t\t\t<section class=\"elementor-section elementor-top-section elementor-element elementor-element-23ecc410 elementor-section-boxed elementor-section-height-default elementor-section-height-default\" data-id=\"23ecc410\" data-element_type=\"section\" data-e-type=\"section\">\n\t\t\t\t\t\t<div class=\"elementor-container elementor-column-gap-default\">\n\t\t\t\t\t<div class=\"elementor-column elementor-col-66 elementor-top-column elementor-element elementor-element-38ef0fc9\" data-id=\"38ef0fc9\" data-element_type=\"column\" data-e-type=\"column\">\n\t\t\t<div class=\"elementor-widget-wrap elementor-element-populated\">\n\t\t\t\t\t\t<div class=\"elementor-element elementor-element-69b911ee elementor-view-default elementor-position-top elementor-widget elementor-widget-themo-header\" data-id=\"69b911ee\" data-element_type=\"widget\" data-e-type=\"widget\" data-widget_type=\"themo-header.default\">\n\t\t\t\t<div class=\"elementor-widget-container\">\n\t\t\t\t\t\t\t<div class=\"th-header-wrap\">\n        <div class=\"elementor-icon-box-wrapper \">\n                            <div class=\"elementor-icon-box-content\">\n                    <h1 class=\"elementor-icon-box-title\">\n                        Sobre Salema                    <\/h1>\n                                            <span class=\"th-header-divider\"><\/span>\n                                        <p class=\"elementor-icon-box-description\">A Praia da Salema \u00e9 uma vila piscat\u00f3ria em Vila do Bispo, Algarve, no deslumbrante Parque Natural do Sudoeste Alentejano e deslumbrante Costa Vicentina. Salema fica entre a movimentada cidade de Lagos e a cidade mais ocidental da Europa, Sagres.\n\nOs moradores dizem que a vila tem o nome de um peixe, o Salema, que costumava ser pescado na costa em anos passados. \n \nAcredita-se que os habitantes da abastada vila romana a apenas 2 km da Boca do Rio adoravam comer o peixe Salema para fins recreativos devido \u00e0s suas propriedades alucin\u00f3genas.\n\nEste peixe alucin\u00f3geno est\u00e1 relacionado com o Brema, que ainda hoje \u00e9 encontrado em abund\u00e2ncia ao largo da costa de Salema. Folclore ou verdade?! Todos os pescadores gostam de um bom conto!!!\n\nSalema continua a ser uma vila piscat\u00f3ria; a \u00e1rea central da praia \u00e9 ocupada por barcos de pescadores e seus apetrechos. A cabana dos pescadores \u00e9 ocupada na maioria dos dias pelo pescador mais velho, que mant\u00e9m um olhar atento sobre a gera\u00e7\u00e3o mais jovem. Est\u00e3o sempre dispostos a repassar seus conhecimentos aos jovens que buscam orienta\u00e7\u00e3o.  \n\nDes\u00e7a at\u00e9 a praia para observar os barcos retornando de uma noite no mar no in\u00edcio da manh\u00e3. O melhor de sua captura ser\u00e1 vendido para os restaurantes locais.\n\nA liga\u00e7\u00e3o \u00e0 pesca e ao mar \u00e9 evidente pelas ruelas sinuosas entre as tradicionais casas caiadas de branco.\n\nA praia da Salema situa-se na base das fal\u00e9sias costeiras em redor da vila. Os visitantes podem desfrutar de um belo passeio e esplanadas ao longo da orla mar\u00edtima.\n\nA praia de areia branca levemente inclinada \u00e9 ideal para nadar e segura para crian\u00e7as com um salva-vidas no ver\u00e3o.\n\nTemos uma praia com Bandeira Azul, o que significa que a qualidade da \u00e1gua do mar foi classificada como excelente de acordo com os padr\u00f5es europeus de limpeza. \n\nO Atl\u00e2ntico pode ser um pouco frio, mas aquece durante a temporada, quando oferece uma pausa agrad\u00e1vel e refrescante durante os meses mais quentes.\n\nEm 2016 o The Guardian premiou Salema como a melhor praia para fam\u00edlias em toda a Europa e a n\u00famero 13 a n\u00edvel mundial!\n\nPegadas fossilizadas de dinossauros podem ser encontradas nas fal\u00e9sias, que remontam ao per\u00edodo Cret\u00e1ceo Inferior e t\u00eam cerca de 150 milh\u00f5es de anos!\n\nOs moradores locais os conhecem h\u00e1 muitos anos, mas eles se tornaram de conhecimento p\u00fablico quando documentados oficialmente em 2001.\n\nMantendo o seu charme, Salema tem cerca de uma dezena de bares e restaurantes, dois minimercados, alguns multibancos e uma empresa de turismo, The Way Tours. Alugue caiaques, pranchas de paddle, organize um passeio de barco, salte nos insufl\u00e1veis, ande a cavalo, desfrute de um passeio a p\u00e9, uma partida de golfe ou mesmo alugue um barco privado. Parques aqu\u00e1ticos e parques de aventura tamb\u00e9m podem ser adquiridos l\u00e1.\n\nA Costa Oeste do Algarve fica a apenas 15 minutos de carro. Com trechos de praias de areia selvagem abaixo de fal\u00e9sias que se estendem por quil\u00f4metros, o mar rolando com toda a for\u00e7a do Atl\u00e2ntico e algumas das melhores condi\u00e7\u00f5es de surf ao redor.\n\nDentro da \u00e1rea local, somos mimados com uma excelente sele\u00e7\u00e3o de spas, campos de golfe, quadras de t\u00eanis, passeios de barco, passeios a cavalo, passeios a p\u00e9 e trilhas.\n\nDesfrute de um dia na moderna cidade de Lagos com o seu castelo, marina e ruas sinuosas repletas de lojas e restaurantes. Talvez um dia mais frio e bo\u00e9mio na cidade fortificada ocidental de Sagres? Ambas as cidades est\u00e3o a pouco mais de 10 minutos de carro ou de autocarro, parando em frente \u00e0 A Mar\u00e9.\n\nSe voc\u00ea tiver alguma pergunta ou d\u00favida espec\u00edfica sobre a vila, envie um e-mail para daniela@the-mare.com, e ela far\u00e1 o poss\u00edvel para respond\u00ea-las.\n\nSalema continua a ser uma j\u00f3ia escondida e \u00e9 frequentemente descrita como um \"pedacinho do para\u00edso\".  \n\nA Mar\u00e9 \u00e9 aut\u00eantica e guarda a ess\u00eancia de Salema; acreditamos que \u00e9 o que nos destaca.<\/p>\n\n                                    <\/div>\n            <\/div>\n\n        <\/div>\n\n\t\t\t\t\t\t<\/div>\n\t\t\t\t<\/div>\n\t\t\t\t\t<\/div>\n\t\t<\/div>\n\t\t\t\t<div class=\"elementor-column elementor-col-33 elementor-top-column elementor-element elementor-element-41a980f1\" data-id=\"41a980f1\" data-element_type=\"column\" data-e-type=\"column\">\n\t\t\t<div class=\"elementor-widget-wrap elementor-element-populated\">\n\t\t\t\t\t\t<div class=\"elementor-element elementor-element-755deda2 elementor-view-default elementor-position-top elementor-widget elementor-widget-themo-header\" data-id=\"755deda2\" data-element_type=\"widget\" data-e-type=\"widget\" data-widget_type=\"themo-header.default\">\n\t\t\t\t<div class=\"elementor-widget-container\">\n\t\t\t\t\t\t\t<div class=\"th-header-wrap\">\n        <div class=\"elementor-icon-box-wrapper \">\n                            <div class=\"elementor-icon-box-content\">\n                    <h1 class=\"elementor-icon-box-title\">\n                        Things to do                    <\/h1>\n                                        <p class=\"elementor-icon-box-description\"><\/p>\n\n                                    <\/div>\n            <\/div>\n\n        <\/div>\n\n\t\t\t\t\t\t<\/div>\n\t\t\t\t<\/div>\n\t\t\t\t<div class=\"elementor-element elementor-element-721d4873 elementor-icon-list--layout-traditional elementor-list-item-link-full_width elementor-widget elementor-widget-icon-list\" data-id=\"721d4873\" data-element_type=\"widget\" data-e-type=\"widget\" data-widget_type=\"icon-list.default\">\n\t\t\t\t<div class=\"elementor-widget-container\">\n\t\t\t\t\t\t\t<ul class=\"elementor-icon-list-items\">\n\t\t\t\t\t\t\t<li class=\"elementor-icon-list-item\">\n\t\t\t\t\t\t\t\t\t\t\t<a href=\"https:\/\/the-mare.com\/Mare-pt\/explore\/\">\n\n\t\t\t\t\t\t\t\t\t\t\t\t<span class=\"elementor-icon-list-icon\">\n\t\t\t\t\t\t\t<i aria-hidden=\"true\" class=\"fas fa-umbrella-beach\"><\/i>\t\t\t\t\t\t<\/span>\n\t\t\t\t\t\t\t\t\t\t<span class=\"elementor-icon-list-text\">\u2022\tRelaxe na praia de areia<\/span>\n\t\t\t\t\t\t\t\t\t\t\t<\/a>\n\t\t\t\t\t\t\t\t\t<\/li>\n\t\t\t\t\t\t\t\t<li class=\"elementor-icon-list-item\">\n\t\t\t\t\t\t\t\t\t\t\t<a href=\"https:\/\/the-mare.com\/Mare-pt\/explore\/\">\n\n\t\t\t\t\t\t\t\t\t\t\t\t<span class=\"elementor-icon-list-icon\">\n\t\t\t\t\t\t\t<i aria-hidden=\"true\" class=\"th-trip travelpack th-trip travelpack-sea-shell\"><\/i>\t\t\t\t\t\t<\/span>\n\t\t\t\t\t\t\t\t\t\t<span class=\"elementor-icon-list-text\">\u2022\tNade no mar premiado com 'Bandeira Azul'<\/span>\n\t\t\t\t\t\t\t\t\t\t\t<\/a>\n\t\t\t\t\t\t\t\t\t<\/li>\n\t\t\t\t\t\t\t\t<li class=\"elementor-icon-list-item\">\n\t\t\t\t\t\t\t\t\t\t\t<a href=\"https:\/\/the-mare.com\/Mare-pt\/explore\/\">\n\n\t\t\t\t\t\t\t\t\t\t\t\t<span class=\"elementor-icon-list-icon\">\n\t\t\t\t\t\t\t<i aria-hidden=\"true\" class=\"th-trip travelpack th-trip travelpack-restaurant-dine\"><\/i>\t\t\t\t\t\t<\/span>\n\t\t\t\t\t\t\t\t\t\t<span class=\"elementor-icon-list-text\">\u2022\tComa nos excelentes restaurantes de Salemas<\/span>\n\t\t\t\t\t\t\t\t\t\t\t<\/a>\n\t\t\t\t\t\t\t\t\t<\/li>\n\t\t\t\t\t\t\t\t<li class=\"elementor-icon-list-item\">\n\t\t\t\t\t\t\t\t\t\t\t<a href=\"https:\/\/the-mare.com\/Mare-pt\/explore\/\">\n\n\t\t\t\t\t\t\t\t\t\t\t\t<span class=\"elementor-icon-list-icon\">\n\t\t\t\t\t\t\t<i aria-hidden=\"true\" class=\"th-trip travelpack th-trip travelpack-fancy-drink\"><\/i>\t\t\t\t\t\t<\/span>\n\t\t\t\t\t\t\t\t\t\t<span class=\"elementor-icon-list-text\">\u2022\tDesfrute dos bares de Salemas<\/span>\n\t\t\t\t\t\t\t\t\t\t\t<\/a>\n\t\t\t\t\t\t\t\t\t<\/li>\n\t\t\t\t\t\t\t\t<li class=\"elementor-icon-list-item\">\n\t\t\t\t\t\t\t\t\t\t\t<a href=\"https:\/\/the-mare.com\/Mare-pt\/explore\/\">\n\n\t\t\t\t\t\t\t\t\t\t\t\t<span class=\"elementor-icon-list-icon\">\n\t\t\t\t\t\t\t<i aria-hidden=\"true\" class=\"th-trip travelpack th-trip travelpack-location-pin-2\"><\/i>\t\t\t\t\t\t<\/span>\n\t\t\t\t\t\t\t\t\t\t<span class=\"elementor-icon-list-text\">\u2022\tConhe\u00e7a a hist\u00f3ria local<\/span>\n\t\t\t\t\t\t\t\t\t\t\t<\/a>\n\t\t\t\t\t\t\t\t\t<\/li>\n\t\t\t\t\t\t\t\t<li class=\"elementor-icon-list-item\">\n\t\t\t\t\t\t\t\t\t\t\t<a href=\"https:\/\/the-mare.com\/Mare-pt\/explore\/\">\n\n\t\t\t\t\t\t\t\t\t\t\t\t<span class=\"elementor-icon-list-icon\">\n\t\t\t\t\t\t\t<i aria-hidden=\"true\" class=\"fas fa-golf-ball\"><\/i>\t\t\t\t\t\t<\/span>\n\t\t\t\t\t\t\t\t\t\t<span class=\"elementor-icon-list-text\">\u2022\tDesfrute de uma partida de golfe<\/span>\n\t\t\t\t\t\t\t\t\t\t\t<\/a>\n\t\t\t\t\t\t\t\t\t<\/li>\n\t\t\t\t\t\t\t\t<li class=\"elementor-icon-list-item\">\n\t\t\t\t\t\t\t\t\t\t\t<a href=\"https:\/\/the-mare.com\/Mare-pt\/explore\/\">\n\n\t\t\t\t\t\t\t\t\t\t\t\t<span class=\"elementor-icon-list-icon\">\n\t\t\t\t\t\t\t<i aria-hidden=\"true\" class=\"fas fa-spa\"><\/i>\t\t\t\t\t\t<\/span>\n\t\t\t\t\t\t\t\t\t\t<span class=\"elementor-icon-list-text\">\u2022\tTenha um dia de spa<\/span>\n\t\t\t\t\t\t\t\t\t\t\t<\/a>\n\t\t\t\t\t\t\t\t\t<\/li>\n\t\t\t\t\t\t\t\t<li class=\"elementor-icon-list-item\">\n\t\t\t\t\t\t\t\t\t\t\t<a href=\"https:\/\/the-mare.com\/Mare-pt\/explore\/\">\n\n\t\t\t\t\t\t\t\t\t\t\t\t<span class=\"elementor-icon-list-icon\">\n\t\t\t\t\t\t\t<i aria-hidden=\"true\" class=\"th-trip travelpack th-trip travelpack-boat-anchor\"><\/i>\t\t\t\t\t\t<\/span>\n\t\t\t\t\t\t\t\t\t\t<span class=\"elementor-icon-list-text\">\u2022\tPasseios de barco<\/span>\n\t\t\t\t\t\t\t\t\t\t\t<\/a>\n\t\t\t\t\t\t\t\t\t<\/li>\n\t\t\t\t\t\t\t\t<li class=\"elementor-icon-list-item\">\n\t\t\t\t\t\t\t\t\t\t\t<a href=\"https:\/\/the-mare.com\/Mare-pt\/explore\/\">\n\n\t\t\t\t\t\t\t\t\t\t\t\t<span class=\"elementor-icon-list-icon\">\n\t\t\t\t\t\t\t<i aria-hidden=\"true\" class=\"fas fa-walking\"><\/i>\t\t\t\t\t\t<\/span>\n\t\t\t\t\t\t\t\t\t\t<span class=\"elementor-icon-list-text\">\u2022\tFa\u00e7a um passeio a p\u00e9<\/span>\n\t\t\t\t\t\t\t\t\t\t\t<\/a>\n\t\t\t\t\t\t\t\t\t<\/li>\n\t\t\t\t\t\t<\/ul>\n\t\t\t\t\t\t<\/div>\n\t\t\t\t<\/div>\n\t\t\t\t<div class=\"elementor-element elementor-element-1e9582a6 elementor-widget elementor-widget-image\" data-id=\"1e9582a6\" data-element_type=\"widget\" data-e-type=\"widget\" data-widget_type=\"image.default\">\n\t\t\t\t<div class=\"elementor-widget-container\">\n\t\t\t\t\t\t\t\t\t\t\t\t\t\t\t\t<a href=\"https:\/\/www.tripadvisor.pt\/Hotel_Review-g445039-d584494-Reviews-A_Mare-Salema_Faro_District_Algarve.html#\/media\/584494\/?albumid=101&#038;type=0&#038;category=101\" target=\"_blank\">\n\t\t\t\t\t\t\t<img decoding=\"async\" width=\"150\" height=\"150\" src=\"https:\/\/the-mare.com\/Mare-pt\/wp-content\/uploads\/2022\/07\/The-Mare_TC_2022-150x150.gif\" class=\"attachment-thumbnail size-thumbnail wp-image-3698\" alt=\"\" srcset=\"https:\/\/the-mare.com\/Mare-pt\/wp-content\/uploads\/2022\/07\/The-Mare_TC_2022-150x150.gif 150w, https:\/\/the-mare.com\/Mare-pt\/wp-content\/uploads\/2022\/07\/The-Mare_TC_2022-300x300.gif 300w, https:\/\/the-mare.com\/Mare-pt\/wp-content\/uploads\/2022\/07\/The-Mare_TC_2022-60x60.gif 60w, https:\/\/the-mare.com\/Mare-pt\/wp-content\/uploads\/2022\/07\/The-Mare_TC_2022-80x80.gif 80w, https:\/\/the-mare.com\/Mare-pt\/wp-content\/uploads\/2022\/07\/The-Mare_TC_2022-394x394.gif 394w, https:\/\/the-mare.com\/Mare-pt\/wp-content\/uploads\/2022\/07\/The-Mare_TC_2022-303x303.gif 303w, https:\/\/the-mare.com\/Mare-pt\/wp-content\/uploads\/2022\/07\/The-Mare_TC_2022-24x24.gif 24w, https:\/\/the-mare.com\/Mare-pt\/wp-content\/uploads\/2022\/07\/The-Mare_TC_2022-36x36.gif 36w, https:\/\/the-mare.com\/Mare-pt\/wp-content\/uploads\/2022\/07\/The-Mare_TC_2022-48x48.gif 48w\" sizes=\"(max-width: 150px) 100vw, 150px\" \/>\t\t\t\t\t\t\t\t<\/a>\n\t\t\t\t\t\t\t\t\t\t\t\t\t\t\t<\/div>\n\t\t\t\t<\/div>\n\t\t\t\t<div class=\"elementor-element elementor-element-1c2a075f elementor-widget elementor-widget-text-editor\" data-id=\"1c2a075f\" data-element_type=\"widget\" data-e-type=\"widget\" data-widget_type=\"text-editor.default\">\n\t\t\t\t<div class=\"elementor-widget-container\">\n\t\t\t\t\t\t\t\t\t<p style=\"text-align: center;\"><img decoding=\"async\" class=\"aligncenter wp-image-1409 size-full\" src=\"https:\/\/the-mare.com\/Mare-pt\/wp-content\/uploads\/2022\/03\/Logo-marca-The-Way-Tours-croma\u0301tico.png\" alt=\"\" width=\"148\" height=\"120\" srcset=\"https:\/\/the-mare.com\/Mare-pt\/wp-content\/uploads\/2022\/03\/Logo-marca-The-Way-Tours-croma\u0301tico.png 148w, https:\/\/the-mare.com\/Mare-pt\/wp-content\/uploads\/2022\/03\/Logo-marca-The-Way-Tours-croma\u0301tico-62x50.png 62w, https:\/\/the-mare.com\/Mare-pt\/wp-content\/uploads\/2022\/03\/Logo-marca-The-Way-Tours-croma\u0301tico-99x80.png 99w\" sizes=\"(max-width: 148px) 100vw, 148px\" \/><a href=\"https:\/\/www.thewaytours.pt\/\" target=\"_blank\" rel=\"noopener\">Activities &amp; Rentals<\/a><\/p>\t\t\t\t\t\t\t\t<\/div>\n\t\t\t\t<\/div>\n\t\t\t\t<div class=\"elementor-element elementor-element-6e2aa330 elementor-widget elementor-widget-text-editor\" data-id=\"6e2aa330\" data-element_type=\"widget\" data-e-type=\"widget\" data-widget_type=\"text-editor.default\">\n\t\t\t\t<div class=\"elementor-widget-container\">\n\t\t\t\t\t\t\t\t\t<p><img decoding=\"async\" class=\"wp-image-1404 size-full aligncenter\" src=\"https:\/\/the-mare.com\/Mare-pt\/wp-content\/uploads\/2022\/03\/logo.png\" alt=\"\" width=\"140\" height=\"72\" srcset=\"https:\/\/the-mare.com\/Mare-pt\/wp-content\/uploads\/2022\/03\/logo.png 140w, https:\/\/the-mare.com\/Mare-pt\/wp-content\/uploads\/2022\/03\/logo-97x50.png 97w\" sizes=\"(max-width: 140px) 100vw, 140px\" \/><\/p><p style=\"text-align: center;\"><a href=\"https:\/\/www.cm-viladobispo.pt\/pt\/Default.aspx\" target=\"_blank\" rel=\"noopener\">Mun\u00edcipio Vila do Bispo<\/a><\/p>\t\t\t\t\t\t\t\t<\/div>\n\t\t\t\t<\/div>\n\t\t\t\t<div class=\"elementor-element elementor-element-2557867f elementor-widget elementor-widget-text-editor\" data-id=\"2557867f\" data-element_type=\"widget\" data-e-type=\"widget\" data-widget_type=\"text-editor.default\">\n\t\t\t\t<div class=\"elementor-widget-container\">\n\t\t\t\t\t\t\t\t\t<p style=\"text-align: center;\"><a title=\"National Bus Timetiables\" href=\"https:\/\/www.rede-expressos.pt\/\" target=\"_blank\" rel=\"noopener\"><img loading=\"lazy\" decoding=\"async\" class=\"alignnone wp-image-1407 size-full\" src=\"https:\/\/the-mare.com\/Mare-pt\/wp-content\/uploads\/2022\/03\/rede-express.jpeg\" alt=\"\" width=\"300\" height=\"143\" srcset=\"https:\/\/the-mare.com\/Mare-pt\/wp-content\/uploads\/2022\/03\/rede-express.jpeg 300w, https:\/\/the-mare.com\/Mare-pt\/wp-content\/uploads\/2022\/03\/rede-express-105x50.jpeg 105w, https:\/\/the-mare.com\/Mare-pt\/wp-content\/uploads\/2022\/03\/rede-express-168x80.jpeg 168w\" sizes=\"(max-width: 300px) 100vw, 300px\" \/><\/a><\/p><p style=\"text-align: center;\"><a href=\"https:\/\/www.rede-expressos.pt\/\" target=\"_blank\" rel=\"noopener\">National Bus Timetable<\/a><\/p>\t\t\t\t\t\t\t\t<\/div>\n\t\t\t\t<\/div>\n\t\t\t\t<div class=\"elementor-element elementor-element-6a9bbe5a elementor-widget elementor-widget-text-editor\" data-id=\"6a9bbe5a\" data-element_type=\"widget\" data-e-type=\"widget\" data-widget_type=\"text-editor.default\">\n\t\t\t\t<div class=\"elementor-widget-container\">\n\t\t\t\t\t\t\t\t\t<p><img loading=\"lazy\" decoding=\"async\" class=\"size-full wp-image-1408 aligncenter\" src=\"https:\/\/the-mare.com\/Mare-pt\/wp-content\/uploads\/2022\/03\/logo_eva_bus.jpg\" alt=\"\" width=\"300\" height=\"143\" srcset=\"https:\/\/the-mare.com\/Mare-pt\/wp-content\/uploads\/2022\/03\/logo_eva_bus.jpg 300w, https:\/\/the-mare.com\/Mare-pt\/wp-content\/uploads\/2022\/03\/logo_eva_bus-105x50.jpg 105w, https:\/\/the-mare.com\/Mare-pt\/wp-content\/uploads\/2022\/03\/logo_eva_bus-168x80.jpg 168w\" sizes=\"(max-width: 300px) 100vw, 300px\" \/><\/p><p style=\"text-align: center;\"><a title=\"Eva Bus Timetable\" href=\"http:\/\/eva-bus.com\/\" target=\"_blank\" rel=\"noopener\">Eva Bus Timetable<\/a><\/p>\t\t\t\t\t\t\t\t<\/div>\n\t\t\t\t<\/div>\n\t\t\t\t<div class=\"elementor-element elementor-element-125cef77 elementor-widget elementor-widget-text-editor\" data-id=\"125cef77\" data-element_type=\"widget\" data-e-type=\"widget\" data-widget_type=\"text-editor.default\">\n\t\t\t\t<div class=\"elementor-widget-container\">\n\t\t\t\t\t\t\t\t\t<p style=\"text-align: center;\"><img loading=\"lazy\" decoding=\"async\" class=\"alignnone wp-image-1402 size-full\" src=\"https:\/\/the-mare.com\/Mare-pt\/wp-content\/uploads\/2022\/03\/ricksteves-europe.jpg\" alt=\"\" width=\"300\" height=\"143\" srcset=\"https:\/\/the-mare.com\/Mare-pt\/wp-content\/uploads\/2022\/03\/ricksteves-europe.jpg 300w, https:\/\/the-mare.com\/Mare-pt\/wp-content\/uploads\/2022\/03\/ricksteves-europe-105x50.jpg 105w, https:\/\/the-mare.com\/Mare-pt\/wp-content\/uploads\/2022\/03\/ricksteves-europe-168x80.jpg 168w\" sizes=\"(max-width: 300px) 100vw, 300px\" \/><\/p><p style=\"text-align: center;\"><a title=\"America's Top Travel Guru\" href=\"https:\/\/www.ricksteves.com\/\" target=\"_blank\" rel=\"noopener\">America&#8217;s Top Travel Guru<\/a><\/p>\t\t\t\t\t\t\t\t<\/div>\n\t\t\t\t<\/div>\n\t\t\t\t<div class=\"elementor-element elementor-element-5424a33f elementor-widget elementor-widget-text-editor\" data-id=\"5424a33f\" data-element_type=\"widget\" data-e-type=\"widget\" data-widget_type=\"text-editor.default\">\n\t\t\t\t<div class=\"elementor-widget-container\">\n\t\t\t\t\t\t\t\t\t<p style=\"text-align: center;\"><a href=\"https:\/\/www.accuweather.com\/en\/pt\/salema\/273260\/weather-forecast\/273260?editing=true\" target=\"_blank\" rel=\"noopener\"><img loading=\"lazy\" decoding=\"async\" class=\"alignnone wp-image-1406 size-full\" src=\"https:\/\/the-mare.com\/Mare-pt\/wp-content\/uploads\/2022\/03\/sky-sunny-clouds-cloudy.jpg\" alt=\"\" width=\"300\" height=\"143\" srcset=\"https:\/\/the-mare.com\/Mare-pt\/wp-content\/uploads\/2022\/03\/sky-sunny-clouds-cloudy.jpg 300w, https:\/\/the-mare.com\/Mare-pt\/wp-content\/uploads\/2022\/03\/sky-sunny-clouds-cloudy-105x50.jpg 105w, https:\/\/the-mare.com\/Mare-pt\/wp-content\/uploads\/2022\/03\/sky-sunny-clouds-cloudy-168x80.jpg 168w\" sizes=\"(max-width: 300px) 100vw, 300px\" \/><\/a><\/p><p style=\"text-align: center;\"><a href=\"https:\/\/www.accuweather.com\/en\/pt\/salema\/273260\/weather-forecast\/273260?editing=true\">Weather Forecast for Salema<\/a><\/p>\t\t\t\t\t\t\t\t<\/div>\n\t\t\t\t<\/div>\n\t\t\t\t<div class=\"elementor-element elementor-element-171b029a elementor-widget elementor-widget-text-editor\" data-id=\"171b029a\" data-element_type=\"widget\" data-e-type=\"widget\" data-widget_type=\"text-editor.default\">\n\t\t\t\t<div class=\"elementor-widget-container\">\n\t\t\t\t\t\t\t\t\t<p style=\"text-align: center;\"><img loading=\"lazy\" decoding=\"async\" class=\"alignnone wp-image-1405 size-full\" src=\"https:\/\/the-mare.com\/Mare-pt\/wp-content\/uploads\/2022\/03\/cp_logo.jpg\" alt=\"\" width=\"300\" height=\"143\" srcset=\"https:\/\/the-mare.com\/Mare-pt\/wp-content\/uploads\/2022\/03\/cp_logo.jpg 300w, https:\/\/the-mare.com\/Mare-pt\/wp-content\/uploads\/2022\/03\/cp_logo-105x50.jpg 105w, https:\/\/the-mare.com\/Mare-pt\/wp-content\/uploads\/2022\/03\/cp_logo-168x80.jpg 168w\" sizes=\"(max-width: 300px) 100vw, 300px\" \/><\/p><p style=\"text-align: center;\"><a title=\"National Train Timetables\" href=\"https:\/\/www.cp.pt\/passageiros\/pt\" target=\"_blank\" rel=\"noopener\">National Train Timetables<\/a><\/p>\t\t\t\t\t\t\t\t<\/div>\n\t\t\t\t<\/div>\n\t\t\t\t\t<\/div>\n\t\t<\/div>\n\t\t\t\t\t<\/div>\n\t\t<\/section>\n\t\t\t\t<\/div>\n\t\t","protected":false},"excerpt":{"rendered":"<p>Sobre Salema A Praia da Salema \u00e9 uma vila piscat\u00f3ria em Vila do Bispo, Algarve, no deslumbrante Parque Natural do Sudoeste Alentejano e deslumbrante Costa Vicentina. Salema fica entre a movimentada cidade de Lagos e a cidade mais ocidental da &hellip; <a href=\"https:\/\/the-mare.com\/Mare-pt\/about-salema\/\">Read More<\/a><\/p>\n","protected":false},"author":1,"featured_media":0,"parent":0,"menu_order":0,"comment_status":"closed","ping_status":"closed","template":"","meta":{"footnotes":""},"class_list":["post-2356","page","type-page","status-publish","hentry"],"_links":{"self":[{"href":"https:\/\/the-mare.com\/Mare-pt\/wp-json\/wp\/v2\/pages\/2356","targetHints":{"allow":["GET"]}}],"collection":[{"href":"https:\/\/the-mare.com\/Mare-pt\/wp-json\/wp\/v2\/pages"}],"about":[{"href":"https:\/\/the-mare.com\/Mare-pt\/wp-json\/wp\/v2\/types\/page"}],"author":[{"embeddable":true,"href":"https:\/\/the-mare.com\/Mare-pt\/wp-json\/wp\/v2\/users\/1"}],"replies":[{"embeddable":true,"href":"https:\/\/the-mare.com\/Mare-pt\/wp-json\/wp\/v2\/comments?post=2356"}],"version-history":[{"count":19,"href":"https:\/\/the-mare.com\/Mare-pt\/wp-json\/wp\/v2\/pages\/2356\/revisions"}],"predecessor-version":[{"id":3701,"href":"https:\/\/the-mare.com\/Mare-pt\/wp-json\/wp\/v2\/pages\/2356\/revisions\/3701"}],"wp:attachment":[{"href":"https:\/\/the-mare.com\/Mare-pt\/wp-json\/wp\/v2\/media?parent=2356"}],"curies":[{"name":"wp","href":"https:\/\/api.w.org\/{rel}","templated":true}]}}