{"id":821,"date":"2022-03-02T20:30:15","date_gmt":"2022-03-02T20:30:15","guid":{"rendered":"https:\/\/fbiza.co.za\/Mare-pt\/?page_id=821"},"modified":"2022-07-17T15:16:26","modified_gmt":"2022-07-17T15:16:26","slug":"apartment","status":"publish","type":"page","link":"https:\/\/the-mare.com\/Mare-pt\/apartment\/","title":{"rendered":"Apartment"},"content":{"rendered":"\t\t<div data-elementor-type=\"wp-page\" data-elementor-id=\"821\" class=\"elementor elementor-821\">\n\t\t\t\t\t\t<section class=\"elementor-section elementor-top-section elementor-element elementor-element-9da40fe elementor-section-full_width elementor-section-height-default elementor-section-height-default\" data-id=\"9da40fe\" data-element_type=\"section\" data-e-type=\"section\">\n\t\t\t\t\t\t<div class=\"elementor-container elementor-column-gap-no\">\n\t\t\t\t\t<div class=\"elementor-column elementor-col-100 elementor-top-column elementor-element elementor-element-f147344\" data-id=\"f147344\" data-element_type=\"column\" data-e-type=\"column\">\n\t\t\t<div class=\"elementor-widget-wrap elementor-element-populated\">\n\t\t\t\t\t\t<div class=\"elementor-element elementor-element-b3024dc elementor-view-default elementor-position-top elementor-widget elementor-widget-themo-header\" data-id=\"b3024dc\" data-element_type=\"widget\" data-e-type=\"widget\" data-widget_type=\"themo-header.default\">\n\t\t\t\t<div class=\"elementor-widget-container\">\n\t\t\t\t\t\t\t<div class=\"th-header-wrap\">\n        <div class=\"elementor-icon-box-wrapper \">\n                            <div class=\"elementor-icon-box-content\">\n                    <h1 class=\"elementor-icon-box-title\">\n                        Apartmentos                    <\/h1>\n                                            <span class=\"th-header-divider\"><\/span>\n                                        <p class=\"elementor-icon-box-description\">No A Mar\u00e9, temos tr\u00eas apartamentos decorados com bom gosto, com vista para o mar, todos com cozinha, banheiro privativo, terra\u00e7os privativos, sala de estar com TV e ar condicionado.\n\nNossos apartamentos s\u00e3o perfeitos para fam\u00edlias ou casais que desejam mais espa\u00e7o e possuem cozinha completa.<\/p>\n\n                                    <\/div>\n            <\/div>\n\n        <\/div>\n\n\t\t\t\t\t\t<\/div>\n\t\t\t\t<\/div>\n\t\t\t\t\t<\/div>\n\t\t<\/div>\n\t\t\t\t\t<\/div>\n\t\t<\/section>\n\t\t\t\t<section class=\"elementor-section elementor-top-section elementor-element elementor-element-7986c5a elementor-section-boxed elementor-section-height-default elementor-section-height-default\" data-id=\"7986c5a\" data-element_type=\"section\" data-e-type=\"section\">\n\t\t\t\t\t\t<div class=\"elementor-container elementor-column-gap-default\">\n\t\t\t\t\t<div class=\"elementor-column elementor-col-100 elementor-top-column elementor-element elementor-element-99c1124\" data-id=\"99c1124\" data-element_type=\"column\" data-e-type=\"column\">\n\t\t\t<div class=\"elementor-widget-wrap elementor-element-populated\">\n\t\t\t\t\t\t<div class=\"elementor-element elementor-element-6cf1d28 elementor-widget elementor-widget-themo-room-grid\" data-id=\"6cf1d28\" data-element_type=\"widget\" data-e-type=\"widget\" data-widget_type=\"themo-room-grid.default\">\n\t\t\t\t<div class=\"elementor-widget-container\">\n\t\t\t\t\t\n                <div id=\"th-portfolio-content-69d0cd642a947\" class=\"th-portfolio\">\n\n            \n            <div id=\"th-portfolio-row\" class=\"th-portfolio-row row portfolio_content  three-columns th-port-gutter th-port-style-2 display-flex\">\n\n                                        <div id=\"post-21\" class=\"th-portfolio-item item col-md-4 col-sm-6 p-apartments post-21 themo_room type-themo_room status-publish format-standard has-post-thumbnail hentry themo_room_type-apartments\">\n\n                                                        <div class=\"th-port-card th-port-card-default\">\n                                <a href=\"https:\/\/the-mare.com\/Mare-pt\/room\/salema-apartment\/\" class=\"th-port-card-link\" >                                <span class=\"th-port-card-img\">\n                                                            <img fetchpriority=\"high\" decoding=\"async\" width=\"605\" height=\"605\" src=\"https:\/\/the-mare.com\/Mare-pt\/wp-content\/uploads\/2022\/04\/Salema-1-605x605.jpg\" class=\"img-responsive th-port-img wp-post-image\" alt=\"\" \/>                                                                                                        <\/span>\n                                    <span class=\"th-port-card-body\">\n                                      <h3 class=\"th-port-title\">Salema Apartment<\/h3>\n                                      <p class=\"th-port-sub th-else\">Apartment<\/p>                                    <\/span>\n                                    <\/a>\n                                <\/div>\n\n                                                        <\/div>\n                                                <div id=\"post-22\" class=\"th-portfolio-item item col-md-4 col-sm-6 p-apartments post-22 themo_room type-themo_room status-publish format-standard has-post-thumbnail hentry themo_room_type-apartments\">\n\n                                                        <div class=\"th-port-card th-port-card-default\">\n                                <a href=\"https:\/\/the-mare.com\/Mare-pt\/room\/algar-de-benagil-apartment\/\" class=\"th-port-card-link\" >                                <span class=\"th-port-card-img\">\n                                                            <img decoding=\"async\" width=\"605\" height=\"605\" src=\"https:\/\/the-mare.com\/Mare-pt\/wp-content\/uploads\/2017\/12\/Benagil-4-605x605.jpg\" class=\"img-responsive th-port-img wp-post-image\" alt=\"\" \/>                                                                                                        <\/span>\n                                    <span class=\"th-port-card-body\">\n                                      <h3 class=\"th-port-title\">Algar De Benagil Apartment<\/h3>\n                                      <p class=\"th-port-sub th-else\">Apartment<\/p>                                    <\/span>\n                                    <\/a>\n                                <\/div>\n\n                                                        <\/div>\n                                                <div id=\"post-23\" class=\"th-portfolio-item item col-md-4 col-sm-6 p-apartments post-23 themo_room type-themo_room status-publish format-standard has-post-thumbnail hentry themo_room_type-apartments\">\n\n                                                        <div class=\"th-port-card th-port-card-default\">\n                                <a href=\"https:\/\/the-mare.com\/Mare-pt\/room\/ponta-da-piedade-apartment\/\" class=\"th-port-card-link\" >                                <span class=\"th-port-card-img\">\n                                                            <img decoding=\"async\" width=\"605\" height=\"605\" src=\"https:\/\/the-mare.com\/Mare-pt\/wp-content\/uploads\/2022\/04\/Ponta-da-Piedade-1-605x605.jpg\" class=\"img-responsive th-port-img wp-post-image\" alt=\"\" \/>                                                                                                        <\/span>\n                                    <span class=\"th-port-card-body\">\n                                      <h3 class=\"th-port-title\">Ponta Da Piedade Apartment<\/h3>\n                                      <p class=\"th-port-sub th-else\">Apartment<\/p>                                    <\/span>\n                                    <\/a>\n                                <\/div>\n\n                                                        <\/div>\n                        \n            <\/div>\n\n        <\/div>\n\n        \t\t\t\t<\/div>\n\t\t\t\t<\/div>\n\t\t\t\t\t<\/div>\n\t\t<\/div>\n\t\t\t\t\t<\/div>\n\t\t<\/section>\n\t\t\t\t<\/div>\n\t\t","protected":false},"excerpt":{"rendered":"<p>Apartmentos No A&hellip;<\/p>\n","protected":false},"author":1,"featured_media":0,"parent":0,"menu_order":0,"comment_status":"closed","ping_status":"closed","template":"","meta":{"footnotes":""},"class_list":["post-821","page","type-page","status-publish","hentry"],"_links":{"self":[{"href":"https:\/\/the-mare.com\/Mare-pt\/wp-json\/wp\/v2\/pages\/821","targetHints":{"allow":["GET"]}}],"collection":[{"href":"https:\/\/the-mare.com\/Mare-pt\/wp-json\/wp\/v2\/pages"}],"about":[{"href":"https:\/\/the-mare.com\/Mare-pt\/wp-json\/wp\/v2\/types\/page"}],"author":[{"embeddable":true,"href":"https:\/\/the-mare.com\/Mare-pt\/wp-json\/wp\/v2\/users\/1"}],"replies":[{"embeddable":true,"href":"https:\/\/the-mare.com\/Mare-pt\/wp-json\/wp\/v2\/comments?post=821"}],"version-history":[{"count":108,"href":"https:\/\/the-mare.com\/Mare-pt\/wp-json\/wp\/v2\/pages\/821\/revisions"}],"predecessor-version":[{"id":3683,"href":"https:\/\/the-mare.com\/Mare-pt\/wp-json\/wp\/v2\/pages\/821\/revisions\/3683"}],"wp:attachment":[{"href":"https:\/\/the-mare.com\/Mare-pt\/wp-json\/wp\/v2\/media?parent=821"}],"curies":[{"name":"wp","href":"https:\/\/api.w.org\/{rel}","templated":true}]}}