{"id":905,"date":"2022-03-02T21:00:25","date_gmt":"2022-03-02T21:00:25","guid":{"rendered":"https:\/\/fbiza.co.za\/Mare-pt\/?page_id=905"},"modified":"2022-07-17T15:12:27","modified_gmt":"2022-07-17T15:12:27","slug":"about-a-mare","status":"publish","type":"page","link":"https:\/\/the-mare.com\/Mare-pt\/about-a-mare\/","title":{"rendered":"About A Mare"},"content":{"rendered":"\t\t<div data-elementor-type=\"wp-page\" data-elementor-id=\"905\" class=\"elementor elementor-905\">\n\t\t\t\t\t\t<section class=\"elementor-section elementor-top-section elementor-element elementor-element-b387b89 elementor-section-stretched elementor-section-boxed elementor-section-height-default elementor-section-height-default\" data-id=\"b387b89\" data-element_type=\"section\" data-e-type=\"section\" data-settings=\"{&quot;stretch_section&quot;:&quot;section-stretched&quot;}\">\n\t\t\t\t\t\t<div class=\"elementor-container elementor-column-gap-default\">\n\t\t\t\t\t<div class=\"elementor-column elementor-col-100 elementor-top-column elementor-element elementor-element-49bf98b\" data-id=\"49bf98b\" data-element_type=\"column\" data-e-type=\"column\">\n\t\t\t<div class=\"elementor-widget-wrap elementor-element-populated\">\n\t\t\t\t\t\t<div class=\"elementor-element elementor-element-831e594 elementor-widget elementor-widget-spacer\" data-id=\"831e594\" data-element_type=\"widget\" data-e-type=\"widget\" data-widget_type=\"spacer.default\">\n\t\t\t\t<div class=\"elementor-widget-container\">\n\t\t\t\t\t\t\t<div class=\"elementor-spacer\">\n\t\t\t<div class=\"elementor-spacer-inner\"><\/div>\n\t\t<\/div>\n\t\t\t\t\t\t<\/div>\n\t\t\t\t<\/div>\n\t\t\t\t<div class=\"elementor-element elementor-element-f4328f1 elementor-view-default elementor-position-top elementor-widget elementor-widget-themo-header\" data-id=\"f4328f1\" data-element_type=\"widget\" data-e-type=\"widget\" data-widget_type=\"themo-header.default\">\n\t\t\t\t<div class=\"elementor-widget-container\">\n\t\t\t\t\t\t\t<div class=\"th-header-wrap\">\n        <div class=\"elementor-icon-box-wrapper \">\n                            <div class=\"elementor-icon-box-content\">\n                    <h2 class=\"elementor-icon-box-title\">\n                        Sobre A Mar\u00e9                    <\/h2>\n                                            <span class=\"th-header-divider\"><\/span>\n                                        <p class=\"elementor-icon-box-description\">Bem-vindo a A Mar\u00e9, uma encantadora casa de h\u00f3spedes familiar que oferece alojamento tradicional algarvio com quartos privados, apartamentos e est\u00fadios.\n\nLocalizado no cora\u00e7\u00e3o da pitoresca vila piscat\u00f3ria de Salema, apenas a 50 metros do oceano, desfrutando de vistas espectaculares para o mar.\n\nSendo a primeira pousada constru\u00edda na vila piscat\u00f3ria da Salema, constru\u00edda no in\u00edcio dos anos 80, orgulhamo-nos de continuar a proporcionar alojamento de qualidade aos nossos h\u00f3spedes.\n\nOriginalmente um bar e restaurante com quartos, passamos por amplas e simp\u00e1ticas altera\u00e7\u00f5es, mais recentemente em 2021. As reformas foram realizadas para elevar nossa propriedade para incluir todas as conveni\u00eancias modernas, mantendo a personalidade de charme tradicional de Salema.\n\nNosso nome permanece inalterado, pois se traduz como \"The Tide\" - referindo-se ao oceano que fica \u00e0 nossa porta. At\u00e9 o nosso logotipo foi criado para nos conectar ao mar. Acima de cada letra, voc\u00ea encontrar\u00e1 a bandeira alfab\u00e9tica correspondente do c\u00f3digo internacional de sinais visuais que facilita a comunica\u00e7\u00e3o entre as esta\u00e7\u00f5es navais.\n\nNosso alojamento est\u00e1 distribu\u00eddo por tr\u00eas andares. Existem 9 unidades \u00fanicas, cada uma com o nome de praias famosas, lugares e grutas da nossa \u00e1rea. Com quatro quartos em suite, dois est\u00fadios e tr\u00eas apartamentos.\n\nOs quatro quartos com casa de banho privada oferecem alojamento duplo ou duplo, todos com modernas casas de banho privadas.\n\nOs est\u00fadios com banheiro podem acomodar at\u00e9 quatro pessoas e t\u00eam mini-cozinhas, \u00e1reas de estar e jantar.\n\nNossos tr\u00eas apartamentos t\u00eam cozinhas completas, \u00e1reas de estar e banheiros modernos. Os espa\u00e7osos apartamentos s\u00e3o perfeitos para quem gosta de f\u00e9rias auto-suficientes.\n\nO caf\u00e9 da manh\u00e3 \u00e9 oferecido como um extra opcional em toda a propriedade. Voc\u00ea est\u00e1 convidado a pedir nossa deliciosa cesta de caf\u00e9 da manh\u00e3, que voc\u00ea pode desfrutar no conforto do seu Est\u00fadio ou Apartamento ou buffet continental para os h\u00f3spedes das Su\u00edtes, perfeito para quem gosta de um come\u00e7o de dia relaxante.\n\nA Mar\u00e9 est\u00e1 situada no centro da Salema com acesso a muitos lugares de estacionamento p\u00fablico. Assim, voc\u00ea sempre poder\u00e1 encontrar um lugar, mesmo durante os meses agitados do ver\u00e3o. Assim que sua reserva for feita, voc\u00ea receber\u00e1 informa\u00e7\u00f5es sobre onde estacionar.\n\nA Mar\u00e9 tem excelentes acessos a tudo o que a vila tem para oferecer, e com a praia a poucos passos, o som do mar ser\u00e1 o seu pano de fundo durante toda a sua estadia!<\/p>\n\n                                    <\/div>\n            <\/div>\n\n        <\/div>\n\n\t\t\t\t\t\t<\/div>\n\t\t\t\t<\/div>\n\t\t\t\t\t<\/div>\n\t\t<\/div>\n\t\t\t\t\t<\/div>\n\t\t<\/section>\n\t\t\t\t<section class=\"elementor-section elementor-top-section elementor-element elementor-element-c09355d elementor-section-boxed elementor-section-height-default elementor-section-height-default\" data-id=\"c09355d\" data-element_type=\"section\" data-e-type=\"section\">\n\t\t\t\t\t\t<div class=\"elementor-container elementor-column-gap-default\">\n\t\t\t\t\t<div class=\"elementor-column elementor-col-33 elementor-top-column elementor-element elementor-element-a9ceef0\" data-id=\"a9ceef0\" data-element_type=\"column\" data-e-type=\"column\">\n\t\t\t<div class=\"elementor-widget-wrap elementor-element-populated\">\n\t\t\t\t\t\t<div class=\"elementor-element elementor-element-c90ae59 elementor-widget elementor-widget-image\" data-id=\"c90ae59\" data-element_type=\"widget\" data-e-type=\"widget\" data-widget_type=\"image.default\">\n\t\t\t\t<div class=\"elementor-widget-container\">\n\t\t\t\t\t\t\t\t\t\t\t\t\t\t\t<img fetchpriority=\"high\" decoding=\"async\" width=\"1024\" height=\"576\" src=\"https:\/\/the-mare.com\/Mare-pt\/wp-content\/uploads\/2022\/04\/A-Mare-2-1024x576.jpg\" class=\"attachment-large size-large wp-image-1729\" alt=\"\" srcset=\"https:\/\/the-mare.com\/Mare-pt\/wp-content\/uploads\/2022\/04\/A-Mare-2-1024x576.jpg 1024w, https:\/\/the-mare.com\/Mare-pt\/wp-content\/uploads\/2022\/04\/A-Mare-2-300x169.jpg 300w, https:\/\/the-mare.com\/Mare-pt\/wp-content\/uploads\/2022\/04\/A-Mare-2-768x432.jpg 768w, https:\/\/the-mare.com\/Mare-pt\/wp-content\/uploads\/2022\/04\/A-Mare-2-107x60.jpg 107w, https:\/\/the-mare.com\/Mare-pt\/wp-content\/uploads\/2022\/04\/A-Mare-2-142x80.jpg 142w, https:\/\/the-mare.com\/Mare-pt\/wp-content\/uploads\/2022\/04\/A-Mare-2-394x222.jpg 394w, https:\/\/the-mare.com\/Mare-pt\/wp-content\/uploads\/2022\/04\/A-Mare-2-915x515.jpg 915w, https:\/\/the-mare.com\/Mare-pt\/wp-content\/uploads\/2022\/04\/A-Mare-2-1240x698.jpg 1240w, https:\/\/the-mare.com\/Mare-pt\/wp-content\/uploads\/2022\/04\/A-Mare-2-600x338.jpg 600w, https:\/\/the-mare.com\/Mare-pt\/wp-content\/uploads\/2022\/04\/A-Mare-2.jpg 1280w\" sizes=\"(max-width: 1024px) 100vw, 1024px\" \/>\t\t\t\t\t\t\t\t\t\t\t\t\t\t\t<\/div>\n\t\t\t\t<\/div>\n\t\t\t\t\t<\/div>\n\t\t<\/div>\n\t\t\t\t<div class=\"elementor-column elementor-col-33 elementor-top-column elementor-element elementor-element-00eefee\" data-id=\"00eefee\" data-element_type=\"column\" data-e-type=\"column\">\n\t\t\t<div class=\"elementor-widget-wrap elementor-element-populated\">\n\t\t\t\t\t\t<div class=\"elementor-element elementor-element-cdb6b13 elementor-widget elementor-widget-image\" data-id=\"cdb6b13\" data-element_type=\"widget\" data-e-type=\"widget\" data-widget_type=\"image.default\">\n\t\t\t\t<div class=\"elementor-widget-container\">\n\t\t\t\t\t\t\t\t\t\t\t\t\t\t\t<img decoding=\"async\" width=\"1024\" height=\"576\" src=\"https:\/\/the-mare.com\/Mare-pt\/wp-content\/uploads\/2022\/04\/A-Mare-1-1-1024x576.jpg\" class=\"attachment-large size-large wp-image-1769\" alt=\"\" srcset=\"https:\/\/the-mare.com\/Mare-pt\/wp-content\/uploads\/2022\/04\/A-Mare-1-1-1024x576.jpg 1024w, https:\/\/the-mare.com\/Mare-pt\/wp-content\/uploads\/2022\/04\/A-Mare-1-1-300x169.jpg 300w, https:\/\/the-mare.com\/Mare-pt\/wp-content\/uploads\/2022\/04\/A-Mare-1-1-768x432.jpg 768w, https:\/\/the-mare.com\/Mare-pt\/wp-content\/uploads\/2022\/04\/A-Mare-1-1-107x60.jpg 107w, https:\/\/the-mare.com\/Mare-pt\/wp-content\/uploads\/2022\/04\/A-Mare-1-1-142x80.jpg 142w, https:\/\/the-mare.com\/Mare-pt\/wp-content\/uploads\/2022\/04\/A-Mare-1-1-394x222.jpg 394w, https:\/\/the-mare.com\/Mare-pt\/wp-content\/uploads\/2022\/04\/A-Mare-1-1-915x515.jpg 915w, https:\/\/the-mare.com\/Mare-pt\/wp-content\/uploads\/2022\/04\/A-Mare-1-1-1240x698.jpg 1240w, https:\/\/the-mare.com\/Mare-pt\/wp-content\/uploads\/2022\/04\/A-Mare-1-1-600x338.jpg 600w, https:\/\/the-mare.com\/Mare-pt\/wp-content\/uploads\/2022\/04\/A-Mare-1-1.jpg 1280w\" sizes=\"(max-width: 1024px) 100vw, 1024px\" \/>\t\t\t\t\t\t\t\t\t\t\t\t\t\t\t<\/div>\n\t\t\t\t<\/div>\n\t\t\t\t\t<\/div>\n\t\t<\/div>\n\t\t\t\t<div class=\"elementor-column elementor-col-33 elementor-top-column elementor-element elementor-element-dfa4a69\" data-id=\"dfa4a69\" data-element_type=\"column\" data-e-type=\"column\">\n\t\t\t<div class=\"elementor-widget-wrap elementor-element-populated\">\n\t\t\t\t\t\t<div class=\"elementor-element elementor-element-86067d1 elementor-widget elementor-widget-image\" data-id=\"86067d1\" data-element_type=\"widget\" data-e-type=\"widget\" data-widget_type=\"image.default\">\n\t\t\t\t<div class=\"elementor-widget-container\">\n\t\t\t\t\t\t\t\t\t\t\t\t\t\t\t<img decoding=\"async\" width=\"1024\" height=\"575\" src=\"https:\/\/the-mare.com\/Mare-pt\/wp-content\/uploads\/2022\/04\/A-Mare-3-1-1024x575.jpg\" class=\"attachment-large size-large wp-image-1771\" alt=\"\" srcset=\"https:\/\/the-mare.com\/Mare-pt\/wp-content\/uploads\/2022\/04\/A-Mare-3-1-1024x575.jpg 1024w, https:\/\/the-mare.com\/Mare-pt\/wp-content\/uploads\/2022\/04\/A-Mare-3-1-300x169.jpg 300w, https:\/\/the-mare.com\/Mare-pt\/wp-content\/uploads\/2022\/04\/A-Mare-3-1-768x431.jpg 768w, https:\/\/the-mare.com\/Mare-pt\/wp-content\/uploads\/2022\/04\/A-Mare-3-1-107x60.jpg 107w, https:\/\/the-mare.com\/Mare-pt\/wp-content\/uploads\/2022\/04\/A-Mare-3-1-142x80.jpg 142w, https:\/\/the-mare.com\/Mare-pt\/wp-content\/uploads\/2022\/04\/A-Mare-3-1-394x221.jpg 394w, https:\/\/the-mare.com\/Mare-pt\/wp-content\/uploads\/2022\/04\/A-Mare-3-1-915x514.jpg 915w, https:\/\/the-mare.com\/Mare-pt\/wp-content\/uploads\/2022\/04\/A-Mare-3-1-1240x697.jpg 1240w, https:\/\/the-mare.com\/Mare-pt\/wp-content\/uploads\/2022\/04\/A-Mare-3-1-600x337.jpg 600w, https:\/\/the-mare.com\/Mare-pt\/wp-content\/uploads\/2022\/04\/A-Mare-3-1.jpg 1280w\" sizes=\"(max-width: 1024px) 100vw, 1024px\" \/>\t\t\t\t\t\t\t\t\t\t\t\t\t\t\t<\/div>\n\t\t\t\t<\/div>\n\t\t\t\t\t<\/div>\n\t\t<\/div>\n\t\t\t\t\t<\/div>\n\t\t<\/section>\n\t\t\t\t<section class=\"elementor-section elementor-top-section elementor-element elementor-element-d43fdea elementor-section-boxed elementor-section-height-default elementor-section-height-default\" data-id=\"d43fdea\" data-element_type=\"section\" data-e-type=\"section\">\n\t\t\t\t\t\t<div class=\"elementor-container elementor-column-gap-default\">\n\t\t\t\t\t<div class=\"elementor-column elementor-col-100 elementor-top-column elementor-element elementor-element-150bb7b\" data-id=\"150bb7b\" data-element_type=\"column\" data-e-type=\"column\">\n\t\t\t<div class=\"elementor-widget-wrap elementor-element-populated\">\n\t\t\t\t\t\t<div class=\"elementor-element elementor-element-4c2ef01 elementor-button-info elementor-align-center elementor-widget elementor-widget-button\" data-id=\"4c2ef01\" data-element_type=\"widget\" data-e-type=\"widget\" data-widget_type=\"button.default\">\n\t\t\t\t<div class=\"elementor-widget-container\">\n\t\t\t\t\t\t\t\t\t<div class=\"elementor-button-wrapper\">\n\t\t\t\t\t<a class=\"elementor-button elementor-button-link elementor-size-lg\" href=\"https:\/\/portal.freetobook.com\/reservations?w_id=34251&#038;w_tkn=8YZdUcIxpIfCNoCAS6L2QLFcPpjGfvrBvgcl1gjFH8AsOegDY8PdV1neAgXVX\" target=\"_blank\">\n\t\t\t\t\t\t<span class=\"elementor-button-content-wrapper\">\n\t\t\t\t\t\t\t\t\t<span class=\"elementor-button-text\">AGENDE AGORA<\/span>\n\t\t\t\t\t<\/span>\n\t\t\t\t\t<\/a>\n\t\t\t\t<\/div>\n\t\t\t\t\t\t\t\t<\/div>\n\t\t\t\t<\/div>\n\t\t\t\t\t<\/div>\n\t\t<\/div>\n\t\t\t\t\t<\/div>\n\t\t<\/section>\n\t\t\t\t<\/div>\n\t\t","protected":false},"excerpt":{"rendered":"<p>Sobre A Mar\u00e9 Bem-vindo a A Mar\u00e9, uma encantadora casa de h\u00f3spedes familiar que oferece alojamento tradicional algarvio com quartos privados, apartamentos e est\u00fadios. Localizado no cora\u00e7\u00e3o da pitoresca vila piscat\u00f3ria de Salema, apenas a 50 metros do oceano, desfrutando &hellip; <a href=\"https:\/\/the-mare.com\/Mare-pt\/about-a-mare\/\">Read More<\/a><\/p>\n","protected":false},"author":1,"featured_media":0,"parent":0,"menu_order":0,"comment_status":"closed","ping_status":"closed","template":"","meta":{"footnotes":""},"class_list":["post-905","page","type-page","status-publish","hentry"],"_links":{"self":[{"href":"https:\/\/the-mare.com\/Mare-pt\/wp-json\/wp\/v2\/pages\/905","targetHints":{"allow":["GET"]}}],"collection":[{"href":"https:\/\/the-mare.com\/Mare-pt\/wp-json\/wp\/v2\/pages"}],"about":[{"href":"https:\/\/the-mare.com\/Mare-pt\/wp-json\/wp\/v2\/types\/page"}],"author":[{"embeddable":true,"href":"https:\/\/the-mare.com\/Mare-pt\/wp-json\/wp\/v2\/users\/1"}],"replies":[{"embeddable":true,"href":"https:\/\/the-mare.com\/Mare-pt\/wp-json\/wp\/v2\/comments?post=905"}],"version-history":[{"count":83,"href":"https:\/\/the-mare.com\/Mare-pt\/wp-json\/wp\/v2\/pages\/905\/revisions"}],"predecessor-version":[{"id":3680,"href":"https:\/\/the-mare.com\/Mare-pt\/wp-json\/wp\/v2\/pages\/905\/revisions\/3680"}],"wp:attachment":[{"href":"https:\/\/the-mare.com\/Mare-pt\/wp-json\/wp\/v2\/media?parent=905"}],"curies":[{"name":"wp","href":"https:\/\/api.w.org\/{rel}","templated":true}]}}